{"id":1122,"date":"2017-09-25T16:24:31","date_gmt":"2017-09-25T14:24:31","guid":{"rendered":"https:\/\/www.guillot-broux.com\/degustations\/"},"modified":"2018-04-23T16:35:29","modified_gmt":"2018-04-23T14:35:29","slug":"degustations","status":"publish","type":"page","link":"https:\/\/www.guillot-broux.com\/zh-hans\/degustations\/","title":{"rendered":"\u54c1\u9152"},"content":{"rendered":"<div class=\"wpb-content-wrapper\"><p>[vc_row][vc_column][vc_empty_space][vc_column_text]<\/p>\n<h1 style=\"text-align: center;\">\u54c1\u9152\u9152\u7a96<\/h1>\n<p>[\/vc_column_text][vc_separator color=&#8221;mulled_wine&#8221; el_width=&#8221;50&#8243;][\/vc_column][\/vc_row][vc_row css=&#8221;.vc_custom_1506349639819{padding: 15px !important;}&#8221;][vc_column][vc_column_text]<\/p>\n<h3 style=\"text-align: center;\">Le caveau de d\u00e9gustation est ouvert du lundi au vendredi de 8h30 \u00e0 12h et de 14h \u00e0 18h.<\/h3>\n<p style=\"text-align: center;\">Pour les groupes, les clubs de d\u00e9gustation ou les \u00e9v\u00e9nements particuliers veuillez nous contacter par mail \u00e0 l&#8217;adresse suivante : domaine.guillotbroux@wanadoo.fr<\/p>\n<p>[\/vc_column_text][\/vc_column][\/vc_row][vc_row css=&#8221;.vc_custom_1506349639819{padding: 15px !important;}&#8221;][vc_column width=&#8221;1\/3&#8243;][\/vc_column][vc_column width=&#8221;1\/3&#8243;][vc_single_image image=&#8221;1101&#8243; img_size=&#8221;full&#8221;][\/vc_column][vc_column width=&#8221;1\/3&#8243;][\/vc_column][\/vc_row]<\/p>\n<\/div>","protected":false},"excerpt":{"rendered":"<p>[vc_row][vc_column][vc_emp<span class=\"excerpt-hellip\"> [\u2026]<\/span><\/p>\n","protected":false},"author":1,"featured_media":0,"parent":0,"menu_order":0,"comment_status":"closed","ping_status":"closed","template":"","meta":{"footnotes":""},"class_list":["post-1122","page","type-page","status-publish","hentry"],"yoast_head":"<!-- This site is optimized with the Yoast SEO plugin v25.1 - https:\/\/yoast.com\/wordpress\/plugins\/seo\/ -->\n<title>\u54c1\u9152 - Domaine GUILLOT-BROUX<\/title>\n<meta name=\"robots\" content=\"index, follow, max-snippet:-1, max-image-preview:large, max-video-preview:-1\" \/>\n<link rel=\"canonical\" href=\"https:\/\/www.guillot-broux.com\/zh-hans\/degustations\/\" \/>\n<meta property=\"og:locale\" content=\"zh_CN\" \/>\n<meta property=\"og:type\" content=\"article\" \/>\n<meta property=\"og:title\" content=\"\u54c1\u9152 - Domaine GUILLOT-BROUX\" \/>\n<meta property=\"og:description\" content=\"[vc_row][vc_column][vc_emp [\u2026]\" \/>\n<meta property=\"og:url\" content=\"https:\/\/www.guillot-broux.com\/zh-hans\/degustations\/\" \/>\n<meta property=\"og:site_name\" content=\"Domaine GUILLOT-BROUX\" \/>\n<meta property=\"article:modified_time\" content=\"2018-04-23T14:35:29+00:00\" \/>\n<meta name=\"twitter:card\" content=\"summary_large_image\" \/>\n<meta name=\"twitter:label1\" content=\"\u9884\u8ba1\u9605\u8bfb\u65f6\u95f4\" \/>\n\t<meta name=\"twitter:data1\" content=\"1 \u5206\" \/>\n<script type=\"application\/ld+json\" class=\"yoast-schema-graph\">{\"@context\":\"https:\/\/schema.org\",\"@graph\":[{\"@type\":\"WebPage\",\"@id\":\"https:\/\/www.guillot-broux.com\/zh-hans\/degustations\/\",\"url\":\"https:\/\/www.guillot-broux.com\/zh-hans\/degustations\/\",\"name\":\"\u54c1\u9152 - Domaine GUILLOT-BROUX\",\"isPartOf\":{\"@id\":\"https:\/\/www.guillot-broux.com\/#website\"},\"datePublished\":\"2017-09-25T14:24:31+00:00\",\"dateModified\":\"2018-04-23T14:35:29+00:00\",\"breadcrumb\":{\"@id\":\"https:\/\/www.guillot-broux.com\/zh-hans\/degustations\/#breadcrumb\"},\"inLanguage\":\"zh-Hans\",\"potentialAction\":[{\"@type\":\"ReadAction\",\"target\":[\"https:\/\/www.guillot-broux.com\/zh-hans\/degustations\/\"]}]},{\"@type\":\"BreadcrumbList\",\"@id\":\"https:\/\/www.guillot-broux.com\/zh-hans\/degustations\/#breadcrumb\",\"itemListElement\":[{\"@type\":\"ListItem\",\"position\":1,\"name\":\"Accueil\",\"item\":\"https:\/\/www.guillot-broux.com\/zh-hans\/\"},{\"@type\":\"ListItem\",\"position\":2,\"name\":\"\u54c1\u9152\"}]},{\"@type\":\"WebSite\",\"@id\":\"https:\/\/www.guillot-broux.com\/#website\",\"url\":\"https:\/\/www.guillot-broux.com\/\",\"name\":\"Domaine GUILLOT-BROUX\",\"description\":\"\",\"potentialAction\":[{\"@type\":\"SearchAction\",\"target\":{\"@type\":\"EntryPoint\",\"urlTemplate\":\"https:\/\/www.guillot-broux.com\/?s={search_term_string}\"},\"query-input\":{\"@type\":\"PropertyValueSpecification\",\"valueRequired\":true,\"valueName\":\"search_term_string\"}}],\"inLanguage\":\"zh-Hans\"}]}<\/script>\n<!-- \/ Yoast SEO plugin. -->","yoast_head_json":{"title":"\u54c1\u9152 - Domaine GUILLOT-BROUX","robots":{"index":"index","follow":"follow","max-snippet":"max-snippet:-1","max-image-preview":"max-image-preview:large","max-video-preview":"max-video-preview:-1"},"canonical":"https:\/\/www.guillot-broux.com\/zh-hans\/degustations\/","og_locale":"zh_CN","og_type":"article","og_title":"\u54c1\u9152 - Domaine GUILLOT-BROUX","og_description":"[vc_row][vc_column][vc_emp [\u2026]","og_url":"https:\/\/www.guillot-broux.com\/zh-hans\/degustations\/","og_site_name":"Domaine GUILLOT-BROUX","article_modified_time":"2018-04-23T14:35:29+00:00","twitter_card":"summary_large_image","twitter_misc":{"\u9884\u8ba1\u9605\u8bfb\u65f6\u95f4":"1 \u5206"},"schema":{"@context":"https:\/\/schema.org","@graph":[{"@type":"WebPage","@id":"https:\/\/www.guillot-broux.com\/zh-hans\/degustations\/","url":"https:\/\/www.guillot-broux.com\/zh-hans\/degustations\/","name":"\u54c1\u9152 - Domaine GUILLOT-BROUX","isPartOf":{"@id":"https:\/\/www.guillot-broux.com\/#website"},"datePublished":"2017-09-25T14:24:31+00:00","dateModified":"2018-04-23T14:35:29+00:00","breadcrumb":{"@id":"https:\/\/www.guillot-broux.com\/zh-hans\/degustations\/#breadcrumb"},"inLanguage":"zh-Hans","potentialAction":[{"@type":"ReadAction","target":["https:\/\/www.guillot-broux.com\/zh-hans\/degustations\/"]}]},{"@type":"BreadcrumbList","@id":"https:\/\/www.guillot-broux.com\/zh-hans\/degustations\/#breadcrumb","itemListElement":[{"@type":"ListItem","position":1,"name":"Accueil","item":"https:\/\/www.guillot-broux.com\/zh-hans\/"},{"@type":"ListItem","position":2,"name":"\u54c1\u9152"}]},{"@type":"WebSite","@id":"https:\/\/www.guillot-broux.com\/#website","url":"https:\/\/www.guillot-broux.com\/","name":"Domaine GUILLOT-BROUX","description":"","potentialAction":[{"@type":"SearchAction","target":{"@type":"EntryPoint","urlTemplate":"https:\/\/www.guillot-broux.com\/?s={search_term_string}"},"query-input":{"@type":"PropertyValueSpecification","valueRequired":true,"valueName":"search_term_string"}}],"inLanguage":"zh-Hans"}]}},"_links":{"self":[{"href":"https:\/\/www.guillot-broux.com\/zh-hans\/wp-json\/wp\/v2\/pages\/1122","targetHints":{"allow":["GET"]}}],"collection":[{"href":"https:\/\/www.guillot-broux.com\/zh-hans\/wp-json\/wp\/v2\/pages"}],"about":[{"href":"https:\/\/www.guillot-broux.com\/zh-hans\/wp-json\/wp\/v2\/types\/page"}],"author":[{"embeddable":true,"href":"https:\/\/www.guillot-broux.com\/zh-hans\/wp-json\/wp\/v2\/users\/1"}],"replies":[{"embeddable":true,"href":"https:\/\/www.guillot-broux.com\/zh-hans\/wp-json\/wp\/v2\/comments?post=1122"}],"version-history":[{"count":2,"href":"https:\/\/www.guillot-broux.com\/zh-hans\/wp-json\/wp\/v2\/pages\/1122\/revisions"}],"predecessor-version":[{"id":1170,"href":"https:\/\/www.guillot-broux.com\/zh-hans\/wp-json\/wp\/v2\/pages\/1122\/revisions\/1170"}],"wp:attachment":[{"href":"https:\/\/www.guillot-broux.com\/zh-hans\/wp-json\/wp\/v2\/media?parent=1122"}],"curies":[{"name":"wp","href":"https:\/\/api.w.org\/{rel}","templated":true}]}}